{"id":823,"date":"2020-11-12T16:10:11","date_gmt":"2020-11-12T15:10:11","guid":{"rendered":"http:\/\/agricolasandonato.it\/site\/?page_id=823"},"modified":"2020-12-09T16:27:07","modified_gmt":"2020-12-09T15:27:07","slug":"products-it","status":"publish","type":"page","link":"https:\/\/agricolasandonato.it\/site\/it\/products-it\/","title":{"rendered":"Prodotti &#8211; IT"},"content":{"rendered":"\t\t<div data-elementor-type=\"wp-post\" data-elementor-id=\"823\" class=\"elementor elementor-823\">\n\t\t\t\t\t\t<section class=\"elementor-section elementor-top-section elementor-element elementor-element-7ac9ca5 elementor-section-boxed elementor-section-height-default elementor-section-height-default\" data-id=\"7ac9ca5\" data-element_type=\"section\" data-settings=\"{&quot;background_background&quot;:&quot;classic&quot;}\">\n\t\t\t\t\t\t\t<div class=\"elementor-background-overlay\"><\/div>\n\t\t\t\t\t\t\t<div class=\"elementor-container elementor-column-gap-default\">\n\t\t\t\t\t<div class=\"elementor-column elementor-col-16 elementor-top-column elementor-element elementor-element-fc40e94\" data-id=\"fc40e94\" data-element_type=\"column\">\n\t\t\t<div class=\"elementor-widget-wrap\">\n\t\t\t\t\t\t\t<\/div>\n\t\t<\/div>\n\t\t\t\t<div class=\"elementor-column elementor-col-66 elementor-top-column elementor-element elementor-element-90988fe\" data-id=\"90988fe\" data-element_type=\"column\">\n\t\t\t<div class=\"elementor-widget-wrap elementor-element-populated\">\n\t\t\t\t\t\t<div class=\"elementor-element elementor-element-4a1c612 elementor-widget elementor-widget-heading\" data-id=\"4a1c612\" data-element_type=\"widget\" data-widget_type=\"heading.default\">\n\t\t\t\t<div class=\"elementor-widget-container\">\n\t\t\t<h1 class=\"elementor-heading-title elementor-size-large\">I NOSTRI Prodotti<\/h1>\t\t<\/div>\n\t\t\t\t<\/div>\n\t\t\t\t<div class=\"elementor-element elementor-element-9453831 elementor-widget-divider--view-line elementor-widget elementor-widget-divider\" data-id=\"9453831\" data-element_type=\"widget\" data-widget_type=\"divider.default\">\n\t\t\t\t<div class=\"elementor-widget-container\">\n\t\t\t\t\t<div class=\"elementor-divider\">\n\t\t\t<span class=\"elementor-divider-separator\">\n\t\t\t\t\t\t<\/span>\n\t\t<\/div>\n\t\t\t\t<\/div>\n\t\t\t\t<\/div>\n\t\t\t\t<div class=\"elementor-element elementor-element-4b65394 elementor-widget elementor-widget-text-editor\" data-id=\"4b65394\" data-element_type=\"widget\" data-widget_type=\"text-editor.default\">\n\t\t\t\t<div class=\"elementor-widget-container\">\n\t\t\t\t\t\t\t<p style=\"text-align: center;\">Costantemente vicini alle mutevoli esigenze del mercato<\/p>\t\t\t\t\t\t<\/div>\n\t\t\t\t<\/div>\n\t\t\t\t\t<\/div>\n\t\t<\/div>\n\t\t\t\t<div class=\"elementor-column elementor-col-16 elementor-top-column elementor-element elementor-element-919f5c1\" data-id=\"919f5c1\" data-element_type=\"column\">\n\t\t\t<div class=\"elementor-widget-wrap\">\n\t\t\t\t\t\t\t<\/div>\n\t\t<\/div>\n\t\t\t\t\t<\/div>\n\t\t<\/section>\n\t\t\t\t<section class=\"elementor-section elementor-top-section elementor-element elementor-element-77706cb elementor-section-boxed elementor-section-height-default elementor-section-height-default\" data-id=\"77706cb\" data-element_type=\"section\">\n\t\t\t\t\t\t<div class=\"elementor-container elementor-column-gap-default\">\n\t\t\t\t\t<div class=\"elementor-column elementor-col-100 elementor-top-column elementor-element elementor-element-f8e80db\" data-id=\"f8e80db\" data-element_type=\"column\">\n\t\t\t<div class=\"elementor-widget-wrap elementor-element-populated\">\n\t\t\t\t\t\t<div class=\"elementor-element elementor-element-b09958a elementor-widget elementor-widget-text-editor\" data-id=\"b09958a\" data-element_type=\"widget\" data-widget_type=\"text-editor.default\">\n\t\t\t\t<div class=\"elementor-widget-container\">\n\t\t\t\t\t\t\t<p>L&#8217;impegno durante le diverse fasi di produzione, garantiscono freschezza ai prodotti anche dopo lunghi viaggi. La nostra filosofia \u00e8 coniugare innovazione e professionalit\u00e0 per il raggiungimento della qualit\u00e0 nel tempo.<\/p>\t\t\t\t\t\t<\/div>\n\t\t\t\t<\/div>\n\t\t\t\t\t<\/div>\n\t\t<\/div>\n\t\t\t\t\t<\/div>\n\t\t<\/section>\n\t\t\t\t<section class=\"elementor-section elementor-top-section elementor-element elementor-element-981c27d elementor-section-content-middle elementor-section-boxed elementor-section-height-default elementor-section-height-default\" data-id=\"981c27d\" data-element_type=\"section\" data-settings=\"{&quot;background_background&quot;:&quot;classic&quot;}\">\n\t\t\t\t\t\t\t<div class=\"elementor-background-overlay\"><\/div>\n\t\t\t\t\t\t\t<div class=\"elementor-container elementor-column-gap-no\">\n\t\t\t\t\t<div class=\"elementor-column elementor-col-100 elementor-top-column elementor-element elementor-element-1831b66\" data-id=\"1831b66\" data-element_type=\"column\">\n\t\t\t<div class=\"elementor-widget-wrap elementor-element-populated\">\n\t\t\t\t\t\t<div class=\"elementor-element elementor-element-2a39577 elementor-widget elementor-widget-shortcode\" data-id=\"2a39577\" data-element_type=\"widget\" data-widget_type=\"shortcode.default\">\n\t\t\t\t<div class=\"elementor-widget-container\">\n\t\t\t\t\t<div class=\"elementor-shortcode\"><div class=\"woocommerce columns-3\"><ul class=\"products columns-3\">\n<li class=\"product-category product first\">\n\t<a aria-label=\"Visita categoria del prodotto Defoliated radishes\" href=\"https:\/\/agricolasandonato.it\/site\/en\/categoria-prodotto\/radish-bulk\/\"><img fetchpriority=\"high\" decoding=\"async\" src=\"https:\/\/agricolasandonato.it\/site\/wp-content\/uploads\/2020\/12\/ravanello-sfuso-300x300.png\" alt=\"Defoliated radishes\" width=\"300\" height=\"300\" srcset=\"https:\/\/agricolasandonato.it\/site\/wp-content\/uploads\/2020\/12\/ravanello-sfuso-300x300.png 300w, https:\/\/agricolasandonato.it\/site\/wp-content\/uploads\/2020\/12\/ravanello-sfuso-100x100.png 100w, https:\/\/agricolasandonato.it\/site\/wp-content\/uploads\/2020\/12\/ravanello-sfuso-150x150.png 150w\" sizes=\"(max-width: 300px) 100vw, 300px\" \/>\t\t<h2 class=\"woocommerce-loop-category__title\">\n\t\t\tDefoliated radishes<mark class=\"count\">10 prodotti<\/mark>\t\t<\/h2>\n\t\t<\/a><\/li>\n<li class=\"product-category product\">\n\t<a aria-label=\"Visita categoria del prodotto Green beans\" href=\"https:\/\/agricolasandonato.it\/site\/en\/categoria-prodotto\/green-beans\/\"><img decoding=\"async\" src=\"https:\/\/agricolasandonato.it\/site\/wp-content\/uploads\/2020\/11\/logo-corallo-q-300x300.png\" alt=\"Green beans\" width=\"300\" height=\"300\" srcset=\"https:\/\/agricolasandonato.it\/site\/wp-content\/uploads\/2020\/11\/logo-corallo-q-300x300.png 300w, https:\/\/agricolasandonato.it\/site\/wp-content\/uploads\/2020\/11\/logo-corallo-q-100x100.png 100w, https:\/\/agricolasandonato.it\/site\/wp-content\/uploads\/2020\/11\/logo-corallo-q-600x600.png 600w, https:\/\/agricolasandonato.it\/site\/wp-content\/uploads\/2020\/11\/logo-corallo-q-150x150.png 150w, https:\/\/agricolasandonato.it\/site\/wp-content\/uploads\/2020\/11\/logo-corallo-q-768x768.png 768w, https:\/\/agricolasandonato.it\/site\/wp-content\/uploads\/2020\/11\/logo-corallo-q.png 833w\" sizes=\"(max-width: 300px) 100vw, 300px\" \/>\t\t<h2 class=\"woocommerce-loop-category__title\">\n\t\t\tGreen beans<mark class=\"count\">2 prodotti<\/mark>\t\t<\/h2>\n\t\t<\/a><\/li>\n<li class=\"product-category product last\">\n\t<a aria-label=\"Visita categoria del prodotto Zzi radishes\" href=\"https:\/\/agricolasandonato.it\/site\/en\/categoria-prodotto\/radish-a-bunch\/\"><img decoding=\"async\" src=\"https:\/\/agricolasandonato.it\/site\/wp-content\/uploads\/2020\/11\/ravanello-a-mazzi-300x300.png\" alt=\"Zzi radishes\" width=\"300\" height=\"300\" srcset=\"https:\/\/agricolasandonato.it\/site\/wp-content\/uploads\/2020\/11\/ravanello-a-mazzi-300x300.png 300w, https:\/\/agricolasandonato.it\/site\/wp-content\/uploads\/2020\/11\/ravanello-a-mazzi-100x100.png 100w, https:\/\/agricolasandonato.it\/site\/wp-content\/uploads\/2020\/11\/ravanello-a-mazzi-150x150.png 150w\" sizes=\"(max-width: 300px) 100vw, 300px\" \/>\t\t<h2 class=\"woocommerce-loop-category__title\">\n\t\t\tZzi radishes<mark class=\"count\">2 prodotti<\/mark>\t\t<\/h2>\n\t\t<\/a><\/li>\n<li class=\"product-category product first\">\n\t<a aria-label=\"Visita categoria del prodotto Ravanelli a mazzi\" href=\"https:\/\/agricolasandonato.it\/site\/it\/categoria-prodotto\/ravanello-a-mazzetto\/\"><img loading=\"lazy\" decoding=\"async\" src=\"https:\/\/agricolasandonato.it\/site\/wp-content\/uploads\/2020\/11\/ravanello-a-mazzi-300x300.png\" alt=\"Ravanelli a mazzi\" width=\"300\" height=\"300\" srcset=\"https:\/\/agricolasandonato.it\/site\/wp-content\/uploads\/2020\/11\/ravanello-a-mazzi-300x300.png 300w, https:\/\/agricolasandonato.it\/site\/wp-content\/uploads\/2020\/11\/ravanello-a-mazzi-100x100.png 100w, https:\/\/agricolasandonato.it\/site\/wp-content\/uploads\/2020\/11\/ravanello-a-mazzi-150x150.png 150w\" sizes=\"(max-width: 300px) 100vw, 300px\" \/>\t\t<h2 class=\"woocommerce-loop-category__title\">\n\t\t\tRavanelli a mazzi<mark class=\"count\">2 prodotti<\/mark>\t\t<\/h2>\n\t\t<\/a><\/li>\n<li class=\"product-category product\">\n\t<a aria-label=\"Visita categoria del prodotto Ravanelli defogliati\" href=\"https:\/\/agricolasandonato.it\/site\/it\/categoria-prodotto\/ravanello-sfuso\/\"><img loading=\"lazy\" decoding=\"async\" src=\"https:\/\/agricolasandonato.it\/site\/wp-content\/uploads\/2020\/12\/ravanello-sfuso-300x300.png\" alt=\"Ravanelli defogliati\" width=\"300\" height=\"300\" srcset=\"https:\/\/agricolasandonato.it\/site\/wp-content\/uploads\/2020\/12\/ravanello-sfuso-300x300.png 300w, https:\/\/agricolasandonato.it\/site\/wp-content\/uploads\/2020\/12\/ravanello-sfuso-100x100.png 100w, https:\/\/agricolasandonato.it\/site\/wp-content\/uploads\/2020\/12\/ravanello-sfuso-150x150.png 150w\" sizes=\"(max-width: 300px) 100vw, 300px\" \/>\t\t<h2 class=\"woocommerce-loop-category__title\">\n\t\t\tRavanelli defogliati<mark class=\"count\">10 prodotti<\/mark>\t\t<\/h2>\n\t\t<\/a><\/li>\n<li class=\"product-category product last\">\n\t<a aria-label=\"Visita categoria del prodotto Fagiolino\" href=\"https:\/\/agricolasandonato.it\/site\/it\/categoria-prodotto\/fagiolino\/\"><img loading=\"lazy\" decoding=\"async\" src=\"https:\/\/agricolasandonato.it\/site\/wp-content\/uploads\/2020\/11\/logo-corallo-q-300x300.png\" alt=\"Fagiolino\" width=\"300\" height=\"300\" srcset=\"https:\/\/agricolasandonato.it\/site\/wp-content\/uploads\/2020\/11\/logo-corallo-q-300x300.png 300w, https:\/\/agricolasandonato.it\/site\/wp-content\/uploads\/2020\/11\/logo-corallo-q-100x100.png 100w, https:\/\/agricolasandonato.it\/site\/wp-content\/uploads\/2020\/11\/logo-corallo-q-600x600.png 600w, https:\/\/agricolasandonato.it\/site\/wp-content\/uploads\/2020\/11\/logo-corallo-q-150x150.png 150w, https:\/\/agricolasandonato.it\/site\/wp-content\/uploads\/2020\/11\/logo-corallo-q-768x768.png 768w, https:\/\/agricolasandonato.it\/site\/wp-content\/uploads\/2020\/11\/logo-corallo-q.png 833w\" sizes=\"(max-width: 300px) 100vw, 300px\" \/>\t\t<h2 class=\"woocommerce-loop-category__title\">\n\t\t\tFagiolino<mark class=\"count\">2 prodotti<\/mark>\t\t<\/h2>\n\t\t<\/a><\/li>\n<\/ul>\n<\/div><\/div>\n\t\t\t\t<\/div>\n\t\t\t\t<\/div>\n\t\t\t\t\t<\/div>\n\t\t<\/div>\n\t\t\t\t\t<\/div>\n\t\t<\/section>\n\t\t\t\t<\/div>\n\t\t","protected":false},"excerpt":{"rendered":"<p>I NOSTRI Prodotti Costantemente vicini alle mutevoli esigenze del mercato L&#8217;impegno durante le diverse fasi di produzione, garantiscono freschezza ai prodotti anche dopo lunghi viaggi. La nostra filosofia \u00e8 coniugare innovazione e professionalit\u00e0 per il raggiungimento della qualit\u00e0 nel tempo.<\/p>\n","protected":false},"author":2,"featured_media":0,"parent":0,"menu_order":0,"comment_status":"closed","ping_status":"closed","template":"","meta":{"site-sidebar-layout":"no-sidebar","site-content-layout":"page-builder","ast-site-content-layout":"","site-content-style":"default","site-sidebar-style":"default","ast-global-header-display":"","ast-banner-title-visibility":"","ast-main-header-display":"","ast-hfb-above-header-display":"","ast-hfb-below-header-display":"","ast-hfb-mobile-header-display":"","site-post-title":"disabled","ast-breadcrumbs-content":"","ast-featured-img":"","footer-sml-layout":"","theme-transparent-header-meta":"enabled","adv-header-id-meta":"","stick-header-meta":"default","header-above-stick-meta":"","header-main-stick-meta":"","header-below-stick-meta":"","astra-migrate-meta-layouts":"default","ast-page-background-enabled":"default","ast-page-background-meta":{"desktop":{"background-color":"","background-image":"","background-repeat":"repeat","background-position":"center center","background-size":"auto","background-attachment":"scroll","background-type":"","background-media":"","overlay-type":"","overlay-color":"","overlay-gradient":""},"tablet":{"background-color":"","background-image":"","background-repeat":"repeat","background-position":"center center","background-size":"auto","background-attachment":"scroll","background-type":"","background-media":"","overlay-type":"","overlay-color":"","overlay-gradient":""},"mobile":{"background-color":"","background-image":"","background-repeat":"repeat","background-position":"center center","background-size":"auto","background-attachment":"scroll","background-type":"","background-media":"","overlay-type":"","overlay-color":"","overlay-gradient":""}},"ast-content-background-meta":{"desktop":{"background-color":"var(--ast-global-color-5)","background-image":"","background-repeat":"repeat","background-position":"center center","background-size":"auto","background-attachment":"scroll","background-type":"","background-media":"","overlay-type":"","overlay-color":"","overlay-gradient":""},"tablet":{"background-color":"var(--ast-global-color-5)","background-image":"","background-repeat":"repeat","background-position":"center center","background-size":"auto","background-attachment":"scroll","background-type":"","background-media":"","overlay-type":"","overlay-color":"","overlay-gradient":""},"mobile":{"background-color":"var(--ast-global-color-5)","background-image":"","background-repeat":"repeat","background-position":"center center","background-size":"auto","background-attachment":"scroll","background-type":"","background-media":"","overlay-type":"","overlay-color":"","overlay-gradient":""}},"footnotes":""},"class_list":["post-823","page","type-page","status-publish","hentry"],"_links":{"self":[{"href":"https:\/\/agricolasandonato.it\/site\/wp-json\/wp\/v2\/pages\/823","targetHints":{"allow":["GET"]}}],"collection":[{"href":"https:\/\/agricolasandonato.it\/site\/wp-json\/wp\/v2\/pages"}],"about":[{"href":"https:\/\/agricolasandonato.it\/site\/wp-json\/wp\/v2\/types\/page"}],"author":[{"embeddable":true,"href":"https:\/\/agricolasandonato.it\/site\/wp-json\/wp\/v2\/users\/2"}],"replies":[{"embeddable":true,"href":"https:\/\/agricolasandonato.it\/site\/wp-json\/wp\/v2\/comments?post=823"}],"version-history":[{"count":65,"href":"https:\/\/agricolasandonato.it\/site\/wp-json\/wp\/v2\/pages\/823\/revisions"}],"predecessor-version":[{"id":1577,"href":"https:\/\/agricolasandonato.it\/site\/wp-json\/wp\/v2\/pages\/823\/revisions\/1577"}],"wp:attachment":[{"href":"https:\/\/agricolasandonato.it\/site\/wp-json\/wp\/v2\/media?parent=823"}],"curies":[{"name":"wp","href":"https:\/\/api.w.org\/{rel}","templated":true}]}}