{"id":1765,"date":"2024-04-15T17:34:46","date_gmt":"2024-04-15T15:34:46","guid":{"rendered":"https:\/\/agricolasandonato.it\/site\/?page_id=1765"},"modified":"2024-05-06T18:50:09","modified_gmt":"2024-05-06T16:50:09","slug":"privacy-e-cookie-policy","status":"publish","type":"page","link":"https:\/\/agricolasandonato.it\/site\/it\/privacy-e-cookie-policy\/","title":{"rendered":"Privacy E Cookie Policy"},"content":{"rendered":"\n<p>La presente informativa viene resa in ossequio all&#8217;art. 13 del Regolamento 2016\/679 (GDPR), ai sensi dell&#8217;art. 13 del d.lgs. n. 196\/2003 (Codice in materia di protezione dei dati personali) ed \u00e8 relativa a tutti i dati personali trattati secondo le modalit\u00e0 di seguito indicate.<\/p>\n\n\n\n<h2 class=\"wp-block-heading\">Il titolare del trattamento<\/h2>\n\n\n\n<p>Il Titolare del trattamento dei dati personali raccolti \u00e8<br>SOCIETA&#8217; AGRICOLA SEMPLICE SAN DONATO<br>Via Acquaviva, 2456<br>04016 Sabaudia (LT) &#8211; Italy<br>Telefono<br>Azienda agricola: +39 0773 50305<br>Email<br>info [@] agricolasandonato.it<br>commerciale [@] agricolasandonato.it<br>vivaio [@] agricolasandonato.it<br><\/p>\n\n\n\n<h2 class=\"wp-block-heading\">Dati raccolti<\/h2>\n\n\n\n<p>I dati personali trattati sono raccolti in quanto forniti direttamente dall&#8217;interessato o forniti automaticamente.<\/p>\n\n\n\n<p>a) I dati forniti direttamente dall\u2019interessato sono tutti i dati personali inseriti dall&#8217;utente all\u2019interno del sito per la fruizione del servizio o che comunque siano forniti al Titolare del trattamento con qualsiasi modalit\u00e0.<\/p>\n\n\n\n<p>b) I dati raccolti automaticamente sono i dati di navigazione. I sistemi informatici e le procedure software preposte al funzionamento di questo sito web acquisiscono, nel corso del loro normale esercizio, alcuni dati personali la cui trasmissione \u00e8 implicita nell\u2019uso dei protocolli di comunicazione di Internet. Si tratta di informazioni che non sono raccolte per essere associate a interessati identificati, ma che per loro stessa natura potrebbero, attraverso elaborazioni ed associazioni con dati detenuti da terzi o dal titolare del trattamento, permettere di identificare gli utenti. In questa categoria di dati rientrano gli indirizzi IP o i nomi a dominio dei computer utilizzati dagli utenti che si connettono al sito, gli indirizzi in notazione URI delle risorse richieste, l\u2019orario della richiesta, il metodo utilizzato nel sottoporre la richiesta al server, il codice numerico indicante lo stato della risposta data dal server (buon fine, errore, ecc.) ed altri parametri relativi al sistema operativo e all\u2019ambiente informatico dell\u2019utente. Questi dati vengono utilizzati al solo fine di ricavare informazioni statistiche anonime sull\u2019uso del sito e per controllarne il corretto funzionamento. I dati potrebbero essere utilizzati per l\u2019accertamento di responsabilit\u00e0 in caso di reati informatici ai danni del sito o altri utenti.<\/p>\n\n\n\n<p>In particolare sono raccolti e trattati i seguenti dati personali:<\/p>\n\n\n\n<ul class=\"wp-block-list\">\n<li>Indirizzo email<\/li>\n\n\n\n<li>Cognome, nome, telefono<\/li>\n<\/ul>\n\n\n\n<p>I dati raccolti automaticamente sono i dati di navigazione. Tali dati, pur non essendo raccolti al fine di essere associati all&#8217;identit\u00e0 dell&#8217;utente, potrebbero indirettamente, mediante elaborazione e associazioni con dati raccolti dal Titolare, consentire la sua identificazione. In particolare:<\/p>\n\n\n\n<ul class=\"wp-block-list\">\n<li>Indirizzo IP<\/li>\n\n\n\n<li>Browser e device di navigazione<\/li>\n<\/ul>\n\n\n\n<h2 class=\"wp-block-heading\">Destinatari<\/h2>\n\n\n\n<p>I dati di natura personale forniti potranno essere comunicati a destinatari opportunamente nominati che tratteranno i dati in qualit\u00e0 di responsabili per il trattamento e\/o in qualit\u00e0 di incaricati, al fine di ottemperare ai contratti o finalit\u00e0 connesse.<\/p>\n\n\n\n<h2 class=\"wp-block-heading\">Base giuridica e finalit\u00e0 del trattamento<\/h2>\n\n\n\n<p>Il trattamento \u00e8 lecito ai sensi dell\u2019art. 6, comma 1, lett. a (consenso) e lett. b (misure precontrattuali), lett. f (legittimo interesse del titolare).<\/p>\n\n\n\n<p>I dati sono trattati esclusivamente per le finalit\u00e0 per le quali sono raccolti, come di seguito descritte.<\/p>\n\n\n\n<p>Utilizziamo i dati forniti dagli interessati per:<\/p>\n\n\n\n<ul class=\"wp-block-list\">\n<li>rispondere alle specifiche richieste dell&#8217;utente<\/li>\n\n\n\n<li>solo in caso di specifico consenso dell&#8217;utente, per permettere l&#8217;adesione a servizi specifici e ulteriori quali l&#8217;invio di future comunicazioni informative e promozionali via mail o mediante strumenti elettronici.<\/li>\n<\/ul>\n\n\n\n<p>Il conferimento dei dati elencati nella sezione \u201cDati Raccolti\u201d per le finalit\u00e0 di cui sopra \u00e8 obbligatorio per consentire all&#8217;utente di accedere al servizio. Per tale ragione il consenso \u00e8 obbligatorio e l&#8217;eventuale rifiuto al trattamento ovvero il mancato, inesatto o parziale conferimento dei dati potrebbe avere come conseguenza l&#8217;impossibilit\u00e0 di una corretta erogazione del servizio.<\/p>\n\n\n\n<p>Il conferimento dei dati per le finalit\u00e0 di invio newsletter per scopi promozionali, informativi o di ricerca \u00e8 facoltativo ed il rifiuto a prestare il relativo consenso al Trattamento dar\u00e0 luogo all&#8217;impossibilit\u00e0 di essere aggiornati circa iniziative commerciali e\/o campagne promozionali, di ricevere offerte o altro materiale promozionale e\/o di inviare all&#8217;utente offerte personalizzate.<br>Si ribadisce che il titolare del trattamento non fornisce a terze parti nessuna delle informazioni degli utenti senza il loro consenso, salvo ove richiesto dalla legge.<br><br>E&#8217; in ogni caso esclusa la diffusione e il trasferimento dei dati al di fuori dello spazio UE.<\/p>\n\n\n\n<h2 class=\"wp-block-heading\">Revoca del consenso<\/h2>\n\n\n\n<p>L&#8217;interessato pu\u00f2 revocare il proprio consenso alla ricezione di comunicazioni promozionali e commerciali immediatamente, inviando richiesta all&#8217;indirizzo email del titolare del trattamento oppure cliccando sull&#8217;apposito link di disiscrizione che potr\u00e0 trovare nel footer di ogni mail promozionale e commerciale ricevuta.<\/p>\n\n\n\n<h2 class=\"wp-block-heading\">Modalit\u00e0 del trattamento<\/h2>\n\n\n\n<p>I dati personali sono trattati con strumenti automatizzati per il tempo strettamente necessario a conseguire gli scopi per cui sono stati raccolti, prevedendo in ogni caso la verifica annuale dei dati conservati al fine di cancellare quelli ritenuti obsoleti, salvo che la legge non preveda obblighi di archiviazione.<br>Il trattamento dei dati avviene di norma presso la sede della societ\u00e0, da personale o collaboratori esterni debitamente designati quali responsabili del trattamento. L&#8217;elenco completo dei responsabili del trattamento e degli Incaricati al trattamento dei dati personali pu\u00f2 essere richiesto inviando apposita richiesta all&#8217;indirizzo email del titolare del trattamento dei dati personali.<br>Specifiche misure di sicurezza sono osservate per prevenire la perdita dei dati, usi illeciti o non corretti ed accessi non autorizzati.<\/p>\n\n\n\n<h2 class=\"wp-block-heading\">Diritti dell&#8217;interessato<\/h2>\n\n\n\n<p>Ai sensi dell&#8217;art. 7 del Codice della Privacy e dell&#8217;art. 13 GDPR ciascun utente ha diritto di ottenere la conferma dell&#8217;esistenza o meno dei suoi dati personali, anche se non ancora registrati, e la loro comunicazione in forma intellegibile.<\/p>\n\n\n\n<p>In particolare, l&#8217;interessato ha diritto di ottenere dal titolare del trattamento l&#8217;indicazione:<\/p>\n\n\n\n<ol class=\"wp-block-list\">\n<li>dell&#8217;origine dei dati personali;<\/li>\n\n\n\n<li>della finalit\u00e0 e delle modalit\u00e0 di trattamento;<\/li>\n\n\n\n<li>della logica applicata in caso di trattamento effettuato con l&#8217;ausilio di strumenti elettronici\/informatici;<\/li>\n\n\n\n<li>gli estremi identificativi del titolare, dei responsabili e delrappresentante designato;<\/li>\n\n\n\n<li>dei soggetti e delle categorie di soggetti ai quali i dati possono esserecomunicati o che possono venirne a conoscenza in qualit\u00e0 di rappresentante designato nel territorio dello Stato, di responsabili o incaricati.<\/li>\n<\/ol>\n\n\n\n<p>Inoltre l&#8217;interessato ha diritto di ottenere dal titolare del trattamento:<\/p>\n\n\n\n<ol class=\"wp-block-list\">\n<li>l&#8217;aggiornamento, la rettificazione ovvero l&#8217;integrazione dei propri dati;<\/li>\n\n\n\n<li>la cancellazione, la trasformazione in forma anonima o il blocco dei dati trattati in violazione di legge;<\/li>\n\n\n\n<li>l&#8217;accesso ai propri dati e cio\u00e8 la conferma che sia o meno in corso un trattamento didati personali che lo riguardano;<\/li>\n\n\n\n<li>la limitazione del trattamento,<\/li>\n\n\n\n<li>la portabilit\u00e0 del dato, cio\u00e8 il diritto di ricevere in formato strutturato i dati personali che lo riguardano;<\/li>\n\n\n\n<li>diritto di reclamo all&#8217;Autorit\u00e0 di controllo.<\/li>\n<\/ol>\n\n\n\n<p>Infine l&#8217;interessato ha il diritto di opporsi, in tutto o in parte, per motivi legittimi al trattamento dei dati personali che lo riguardano, ancorch\u00e9 pertinenti allo scopo della raccolta. In particolare l&#8217;interessato ha il diritto di opporsi al trattamento di dati personali che lo riguardano ai fini di invio di materiale pubblicitario commerciale o di vendita diretta o per il compimento di ricerche di mercato o di comunicazione commerciale. Le richieste di cui ai punti precedenti dovranno essere inviate via email all&#8217;indirizzo del titolare del trattamento.<\/p>\n\n\n\n<h3 class=\"wp-block-heading\">Cookie Policy<\/h3>\n\n\n\n<p>Come \u00e8 d\u2019uso su tutti i siti web, anche questo sito fa uso di cookies, piccoli file di testo che consentono di conservare informazioni sulle preferenze dei visitatori, per migliorare le funzionalit\u00e0 del sito, per semplificarne la navigazione automatizzando le procedure (es. <em>login<\/em>, lingua sito,..) e per l\u2019analisi dell\u2019uso del sito.<\/p>\n\n\n\n<p>I <strong>cookie di sessione<\/strong> sono essenziali per poter distinguere tra gli utenti collegati e sono utili per evitare che una funzionalit\u00e0 richiesta possa essere fornita all\u2019utente sbagliato, nonch\u00e9 per fini di sicurezza per impedire attacchi informatici al sito. I cookie di sessione non contengono dati personali e durano per la sola sessione in corso, cio\u00e8 fino alla chiusura del browser. Per essi non occorre consenso.<br>I <strong>functionality cookie<\/strong> utilizzati dal sito sono strettamente necessari per l\u2019uso del sito, in particolare sono collegati ad una espressa richiesta di funzionalit\u00e0 da parte dell\u2019utente (come il <em>login<\/em>), per i quali non occorre alcun consenso.<\/p>\n\n\n\n<p><strong>Utilizzando il sito il visitatore acconsente espressamente all\u2019uso dei cookies.<\/strong><\/p>\n\n\n\n<h4 class=\"wp-block-heading\">A.1 I COOKIES<\/h4>\n\n\n\n<p>Il Sito utilizza sia cookies propri che cookies di terze parti. I cookies proprietari vengono utilizzati per la navigazione del Sito da parte dell\u2019utente e permetterne l\u2019accesso ad eventuali aree riservate protette. La durata di questi cookies di solito \u00e8 legata alla sessione dell\u2019utente e vengono cancellati una volta che lo stesso chiude il browser. I cookies proprietari sono essenziali e non possono essere disabilitati in quanto precluderebbero il corretto utilizzo del Sito stesso.<\/p>\n\n\n\n<p>I cookies di terze parti possono avere invece diversi scopi: analisi statistiche, interazioni sociali, visualizzazione video, memorizzazione degli interessi per la fornitura di servizi pubblicitari mirati. Questi cookies non sono controllati direttamente dal Titolare e per disabilitarli bisogna seguire le procedure indicate dai singoli fornitori.<br>In generale tutti i cookies possono essere disattivati completamente nel proprio browser in qualsiasi istante seguendo le procedure indicate al punto A.4.<\/p>\n\n\n\n<h4 class=\"wp-block-heading\">A.2 COOKIES PROPRIETARI<\/h4>\n\n\n\n<p>Se lasci un commento sul nostro sito, puoi scegliere di salvare il tuo nome, indirizzo email e sito web nei cookie. Sono per la tua comodit\u00e0 in modo che tu non debba riempire nuovamente i tuoi dati quando lasci un altro commento. Questi cookie rimarranno per un anno.<\/p>\n\n\n\n<p>Se hai un account e accedi a questo sito, verr\u00e0 impostato un cookie temporaneo per determinare se il browser accetta i cookie. Questo cookie non contiene dati personali e viene eliminato quando si chiude il browser.<\/p>\n\n\n\n<p>Se modifichi o pubblichi un articolo, un cookie aggiuntivo verr\u00e0 salvato nel tuo browser. Questo cookie non include dati personali e indica semplicemente l\u2019ID del post dell\u2019articolo appena modificato. Scade dopo 1 giorno.<\/p>\n\n\n\n<h4 class=\"wp-block-heading\">A.3 COOKIES DI TERZE PARTI<\/h4>\n\n\n\n<p>Su questo sito potrebbero essere attivati i seguenti cookies di terze parti.<\/p>\n\n\n\n<h5 class=\"wp-block-heading\">\u2013 Google Analytics (anonimizzato)<\/h5>\n\n\n\n<p>Si tratta di uno strumento di analisi di Google che attraverso l\u2019uso di cookies (performance cookies), raccoglie dati di navigazione anonimi (IP troncati all\u2019ultimo ottetto) ed esclusivamente aggregati allo scopo di esaminare l\u2019uso del sito da parte degli utenti, compilare report sulle attivit\u00e0 nel sito e fornire altre informazioni, compreso il numero dei visitatori e le pagine visitate. Google pu\u00f2 anche trasferire queste informazioni a terzi ove ci\u00f2 sia imposto dalla legge o laddove tali terzi trattino le suddette informazioni per conto di Google. Google non assocer\u00e0 l\u2019indirizzo Ip a nessun altro dato posseduto da Google. I dati trasmessi a Google sono depositati presso i server di Google negli Stati Uniti.<br>In base a specifico accordo con Google, che \u00e8 designato quale responsabile del trattamento dei dati, questi si impegna a trattare i dati in base alle richieste del Titolare (vedi in fondo all\u2019informativa), impartite tramite le impostazioni del software. In base a tali impostazioni le opzioni pubblicitarie e di condivisione dei dati sono disattive.<\/p>\n\n\n\n<p>Ulteriori informazioni sui cookies di Google Analytics si trovano alla pagina <a href=\"https:\/\/developers.google.com\/analytics\/devguides\/collection\/analyticsjs\/cookie-usage\" target=\"_blank\" rel=\"noreferrer noopener\">Google Analytics Cookie Usage on Websites<\/a>.<\/p>\n\n\n\n<p>L\u2019utente pu\u00f2 disabilitare in modo selettivo la raccolta di dati da parte di Google Analytics installando sul proprio browser l\u2019<a href=\"https:\/\/tools.google.com\/dlpage\/gaoptout\" target=\"_blank\" rel=\"noreferrer noopener\">apposito componente fornito da Google<\/a> (opt out).<\/p>\n\n\n\n<h5 class=\"wp-block-heading\">\u2013 Monitoraggio conversioni AdWords<\/h5>\n\n\n\n<p>Il monitoraggio conversioni di Google AdWords \u00e8 un servizio di statistiche fornito da Google Inc. che collega i dati provenienti dal network di annunci Google AdWords con le azioni compiute all\u2019interno del Sito. Dati personali raccolti: Cookie e Dati di utilizzo. Luogo del trattamento: USA \u2013 <a href=\"http:\/\/www.google.com\/intl\/it\/policies\/privacy\/\" target=\"_blank\" rel=\"noreferrer noopener\">Privacy Policy<\/a><\/p>\n\n\n\n<h5 class=\"wp-block-heading\">\u2013 Google Fonts<\/h5>\n\n\n\n<p>Il sito fa uso di font forniti dal servizio Google Fonts. Dati personali raccolti: Cookie e Dati di utilizzo. Luogo del trattamento: USA \u2013 <a href=\"http:\/\/www.google.com\/intl\/it\/policies\/privacy\/\" target=\"_blank\" rel=\"noreferrer noopener\">Privacy Policy<\/a><\/p>\n\n\n\n<h5 class=\"wp-block-heading\">\u2013 Contenuti embeddati<\/h5>\n\n\n\n<p>Nel sito possono essere utilizzati video di Youtube e Vimeo, contenuti dei social Facebook, Twitter, LinkedIn, Google+ e in generale, in base all\u2019occorrenza, contenuti embeddabili di altre piattaforme. Tali contenuti e\/o plugins sono programmati in modo da non impostare alcun cookie all\u2019accesso della pagina, per salvaguardare la privacy degli utenti. Eventualmente i cookie vengono impostati, se cos\u00ec previsto dai social network, solo quando l\u2019utente fa effettivo e volontario uso del plugin. Si tenga presente che, se l\u2019Utente naviga essendo loggato nel social network, l\u2019uso dei cookie si intende gi\u00e0 accettato tramite questo sito al momento dell\u2019iscrizione al social network. La raccolta e l\u2019uso delle informazioni ottenute a mezzo del plugin sono regolati dalle rispettive informative privacy dei social network, alle quali si prega di fare riferimento.<\/p>\n\n\n\n<p><strong>\u2013 Facebook:<\/strong> <a href=\"https:\/\/www.facebook.com\/about\/privacy\/\" target=\"_blank\" rel=\"noreferrer noopener\">Privacy Policy<\/a> \u2013 <a href=\"https:\/\/www.facebook.com\/help\/cookies\/\" target=\"_blank\" rel=\"noreferrer noopener\">Cookie Policy<\/a><br><strong>\u2013 Twitter:<\/strong> <a href=\"https:\/\/twitter.com\/privacy?lang=it\" target=\"_blank\" rel=\"noreferrer noopener\">Privacy Policy<\/a> \u2013 <a href=\"https:\/\/help.twitter.com\/it\/rules-and-policies\/twitter-cookies\" target=\"_blank\" rel=\"noreferrer noopener\">Cookie Policy<\/a><br><strong>\u2013 Youtube:<\/strong> <a href=\"https:\/\/support.google.com\/youtube\/answer\/7671399?hl=it\" target=\"_blank\" rel=\"noreferrer noopener\">Privacy Policy<\/a> \u2013 <a href=\"https:\/\/policies.google.com\/technologies\/types\" target=\"_blank\" rel=\"noreferrer noopener\">Cookie Policy<\/a><br><strong>\u2013 LinkedIn:<\/strong> <a href=\"https:\/\/www.linkedin.com\/legal\/privacy-policy\" target=\"_blank\" rel=\"noreferrer noopener\">Privacy Policy<\/a> \u2013 <a href=\"https:\/\/www.linkedin.com\/legal\/cookie-policy\" target=\"_blank\" rel=\"noreferrer noopener\">Cookie Policy<\/a><br><strong>\u2013 Google+:<\/strong> <a href=\"http:\/\/www.google.com\/intl\/it\/policies\/privacy\/\" target=\"_blank\" rel=\"noreferrer noopener\">Privacy Policy<\/a> \u2013 <a href=\"http:\/\/www.google.it\/intl\/it\/policies\/technologies\/cookies\/\" target=\"_blank\" rel=\"noreferrer noopener\">Cookie Policy<\/a><br><strong>\u2013 Vimeo:<\/strong> <a href=\"https:\/\/vimeo.com\/privacy\" target=\"_blank\" rel=\"noreferrer noopener\">Privacy Policy<\/a> \u2013 <a href=\"https:\/\/vimeo.com\/cookie_policy\" target=\"_blank\" rel=\"noreferrer noopener\">Cookie Policy<\/a><br><strong>\u2013 Google Maps:<\/strong> <a href=\"https:\/\/policies.google.com\/privacy?hl=it\" target=\"_blank\" rel=\"noreferrer noopener\">Privacy Policy<\/a> \u2013 <a href=\"https:\/\/policies.google.com\/technologies\/cookies?hl=it\" target=\"_blank\" rel=\"noreferrer noopener\">Cookie Policy<\/a><\/p>\n\n\n\n<p>Per ulteriori informazioni sull\u2019uso dei dati e sul loro trattamento da parte di Google si raccomanda di prendere visione delle informazioni all\u2019apposita <a href=\"https:\/\/www.google.com\/intl\/it\/policies\/privacy\/\" target=\"_blank\" rel=\"noreferrer noopener\">pagina predisposta da Google<\/a>, e alla pagina sulle <a href=\"https:\/\/policies.google.com\/privacy\/partners?hl=it\" target=\"_blank\" rel=\"noreferrer noopener\">Modalit\u00e0 di utilizzo dei dati da parte di Google quando si utilizzano siti o app dei partner<\/a>.<\/p>\n\n\n\n<h5 class=\"wp-block-heading\">Contenuto incorporato da altri siti web<\/h5>\n\n\n\n<p>Gli articoli su questo sito possono includere contenuti incorporati (ad esempio video, immagini, articoli,..). I contenuti incorporati di altri siti web si comportano esattamente nello stesso modo in cui il visitatore ha visitato l\u2019altro sito web. Questi siti web possono raccogliere dati su di te, utilizzare cookie, integrare ulteriori tracciamenti di terze parti, e monitorare l\u2019interazione con quel contenuto incorporato, incluso il tracciare la tua interazione con il contenuto incorporato se hai un account e sei connesso a quel sito web.<\/p>\n\n\n\n<h4 class=\"wp-block-heading\">A.4 COME DISABILITARE I COOKIES NEL BROWSER<\/h4>\n\n\n\n<p>I cookies sono collegati al browser utilizzato e POSSONO ESSERE DISABILITATI DIRETTAMENTE DAL BROWSER, cos\u00ec rifiutando\/revocando il consenso all\u2019uso dei cookies. Occorre tenere presente che la disabilitazione dei cookies potrebbe impedire il corretto utilizzo di alcune funzioni del sito stesso.<br>Le istruzioni per la disabilitazione dei cookies si trovano alle seguenti pagine web:<\/p>\n\n\n\n<p><a href=\"https:\/\/support.mozilla.org\/it\/kb\/Attivare%20e%20disattivare%20i%20cookie\" target=\"_blank\" rel=\"noreferrer noopener\">Mozilla Firefox<\/a> \u2013 <a href=\"https:\/\/support.microsoft.com\/it-it\/help\/17442\/windows-internet-explorer-delete-manage-cookies\" target=\"_blank\" rel=\"noreferrer noopener\">Microsoft Internet Explorer<\/a> \u2013 <a href=\"https:\/\/support.microsoft.com\/it-it\/help\/4027947\/windows-delete-cookies\" target=\"_blank\" rel=\"noreferrer noopener\">Microsoft Edge<\/a> \u2013 <a href=\"https:\/\/support.google.com\/chrome\/answer\/95647?hl=it\" target=\"_blank\" rel=\"noreferrer noopener\">Google Chrome<\/a> \u2013 <a href=\"http:\/\/help.opera.com\/Windows\/10.00\/it\/cookies.html\" target=\"_blank\" rel=\"noreferrer noopener\">Opera<\/a> \u2013 <a href=\"https:\/\/support.apple.com\/it-it\/HT201265\" target=\"_blank\" rel=\"noreferrer noopener\">Apple Safari<\/a><\/p>\n\n\n\n<h2 class=\"wp-block-heading\">Aggiornamenti e modifiche<\/h2>\n\n\n\n<p>Il titolare del trattamento si riserva il diritto di modificare, integrare o aggiornare periodicamente la presente Informativa in ossequio alla normativa applicabile o ai provvedimenti adottati dal Garante per la Protezione dei dati personali.<br>Le suddette modifiche o integrazioni saranno portate a conoscenza degli interessati mediante link alla pagina di Privacy Policy presente nel sito web e saranno comunicate direttamente agli interessati a mezzo email.<br>Invitiamo gli utenti a prendere visione della Privacy Policy con regolarit\u00e0, per verificare l&#8217;Informativa aggiornata e decidere se continuare o meno ad usufruire dei servizi offerti.<\/p>\n\n\n\n<p>Contattateci per domande o chiarimenti.<br>L&#8217;Amministrazione<\/p>\n\n\n\n<p><\/p>\n","protected":false},"excerpt":{"rendered":"<p>La presente informativa viene resa in ossequio all&#8217;art. 13 del Regolamento 2016\/679 (GDPR), ai sensi dell&#8217;art. 13 del d.lgs. n. 196\/2003 (Codice in materia di protezione dei dati personali) ed \u00e8 relativa a tutti i dati personali trattati secondo le modalit\u00e0 di seguito indicate. Il titolare del trattamento Il Titolare del trattamento dei dati personali [&hellip;]<\/p>\n","protected":false},"author":2,"featured_media":0,"parent":0,"menu_order":0,"comment_status":"closed","ping_status":"closed","template":"elementor_header_footer","meta":{"site-sidebar-layout":"default","site-content-layout":"","ast-site-content-layout":"normal-width-container","site-content-style":"boxed","site-sidebar-style":"default","ast-global-header-display":"","ast-banner-title-visibility":"","ast-main-header-display":"","ast-hfb-above-header-display":"","ast-hfb-below-header-display":"","ast-hfb-mobile-header-display":"","site-post-title":"","ast-breadcrumbs-content":"","ast-featured-img":"","footer-sml-layout":"","theme-transparent-header-meta":"","adv-header-id-meta":"","stick-header-meta":"","header-above-stick-meta":"","header-main-stick-meta":"","header-below-stick-meta":"","astra-migrate-meta-layouts":"set","ast-page-background-enabled":"default","ast-page-background-meta":{"desktop":{"background-color":"","background-image":"","background-repeat":"repeat","background-position":"center center","background-size":"auto","background-attachment":"scroll","background-type":"","background-media":"","overlay-type":"","overlay-color":"","overlay-gradient":""},"tablet":{"background-color":"","background-image":"","background-repeat":"repeat","background-position":"center center","background-size":"auto","background-attachment":"scroll","background-type":"","background-media":"","overlay-type":"","overlay-color":"","overlay-gradient":""},"mobile":{"background-color":"","background-image":"","background-repeat":"repeat","background-position":"center center","background-size":"auto","background-attachment":"scroll","background-type":"","background-media":"","overlay-type":"","overlay-color":"","overlay-gradient":""}},"ast-content-background-meta":{"desktop":{"background-color":"var(--ast-global-color-5)","background-image":"","background-repeat":"repeat","background-position":"center center","background-size":"auto","background-attachment":"scroll","background-type":"","background-media":"","overlay-type":"","overlay-color":"","overlay-gradient":""},"tablet":{"background-color":"var(--ast-global-color-5)","background-image":"","background-repeat":"repeat","background-position":"center center","background-size":"auto","background-attachment":"scroll","background-type":"","background-media":"","overlay-type":"","overlay-color":"","overlay-gradient":""},"mobile":{"background-color":"var(--ast-global-color-5)","background-image":"","background-repeat":"repeat","background-position":"center center","background-size":"auto","background-attachment":"scroll","background-type":"","background-media":"","overlay-type":"","overlay-color":"","overlay-gradient":""}},"footnotes":""},"class_list":["post-1765","page","type-page","status-publish","hentry"],"_links":{"self":[{"href":"https:\/\/agricolasandonato.it\/site\/wp-json\/wp\/v2\/pages\/1765","targetHints":{"allow":["GET"]}}],"collection":[{"href":"https:\/\/agricolasandonato.it\/site\/wp-json\/wp\/v2\/pages"}],"about":[{"href":"https:\/\/agricolasandonato.it\/site\/wp-json\/wp\/v2\/types\/page"}],"author":[{"embeddable":true,"href":"https:\/\/agricolasandonato.it\/site\/wp-json\/wp\/v2\/users\/2"}],"replies":[{"embeddable":true,"href":"https:\/\/agricolasandonato.it\/site\/wp-json\/wp\/v2\/comments?post=1765"}],"version-history":[{"count":1,"href":"https:\/\/agricolasandonato.it\/site\/wp-json\/wp\/v2\/pages\/1765\/revisions"}],"predecessor-version":[{"id":1766,"href":"https:\/\/agricolasandonato.it\/site\/wp-json\/wp\/v2\/pages\/1765\/revisions\/1766"}],"wp:attachment":[{"href":"https:\/\/agricolasandonato.it\/site\/wp-json\/wp\/v2\/media?parent=1765"}],"curies":[{"name":"wp","href":"https:\/\/api.w.org\/{rel}","templated":true}]}}